{"id":6791,"date":"2024-07-04T01:28:09","date_gmt":"2024-07-04T01:28:09","guid":{"rendered":"https:\/\/demo.bravisthemes.com\/herrington\/?page_id=6791"},"modified":"2025-12-26T10:10:54","modified_gmt":"2025-12-26T10:10:54","slug":"naslovna","status":"publish","type":"page","link":"https:\/\/grafidbl.com\/bs\/","title":{"rendered":"Naslovna"},"content":{"rendered":"<div data-elementor-type=\"wp-page\" data-elementor-id=\"6791\" class=\"elementor elementor-6791\" data-elementor-post-type=\"page\">\n\t\t\t\t        <section class=\"elementor-section elementor-top-section elementor-element elementor-element-1bed7f2 elementor-section-full_width elementor-section-height-default elementor-section-height-default pxl-row-scroll-none pxl-zoom-point-false pxl-section-overflow-visible pxl-full-content-with-space-none\" data-id=\"1bed7f2\" data-element_type=\"section\">\n\n                \n                <div class=\"elementor-container elementor-column-gap-no\">\n                <div class=\"elementor-column elementor-col-100 elementor-top-column elementor-element elementor-element-7f875c2 pxl-column-none pxl-column-overflow-hidden-no\" data-id=\"7f875c2\" data-element_type=\"column\">\r\n        <div class=\"elementor-widget-wrap elementor-element-populated\">\r\n                     \r\n        \t\t<div class=\"elementor-element elementor-element-bb41772 elementor-widget elementor-widget-slider_revolution\" data-id=\"bb41772\" data-element_type=\"widget\" data-widget_type=\"slider_revolution.default\">\n\t\t\t\t<div class=\"elementor-widget-container\">\n\t\t\t\t\t\n\t\t<div class=\"wp-block-themepunch-revslider\">\n\t\t\t\t<p class=\"rs-p-wp-fix\"><\/p>\n\t\t\t\t<sr7-module data-alias=\"slider-1\" data-id=\"1\" id=\"SR7_1_1\" class=\"rs-ov-hidden\" data-version=\"6.7.40\">\n\t\t\t\t\t<sr7-adjuster><\/sr7-adjuster>\n\t\t\t\t\t<sr7-content>\n\t\t\t\t\t\t<sr7-slide id=\"SR7_1_1-1\" data-key=\"1\">\n\t\t\t\t\t\t\t<sr7-bg id=\"SR7_1_1-1-7\" class=\"sr7-layer\"><noscript><img decoding=\"async\" src=\"https:\/\/grafidbl.com\/wp-content\/uploads\/2025\/06\/DSC_2096-v2-1.jpg\" alt=\"\" title=\"DSC_2096-v2\"><\/noscript><\/sr7-bg>\n\t\t\t\t\t\t\t<sr7-txt id=\"SR7_1_1-1-3\" class=\"sr7-layer\">VRIJEDNO \u0160TAMPE<\/sr7-txt>\n\t\t\t\t\t\t\t<sr7-txt id=\"SR7_1_1-1-5\" class=\"sr7-layer\">Knjiga je ogledalo ljudskog uma i tijela, oblik koji misao pretvara u predmet, a njenu poruku u trajanje.<br \/>\n<b>Na\u0161a pa\u017enja je usmjerena upravo na \u0161tampu takvih knjiga.<\/sr7-txt>\n\t\t\t\t\t\t\t<a id=\"SR7_1_1-1-6\" class=\"sr7-layer\" href=\"https:\/\/grafidbl.com\/bs\/kontakt\/\" target=\"_self\">Kontakt<\/a>\n\t\t\t\t\t\t<\/sr7-slide>\n\t\t\t\t\t\t<sr7-slide id=\"SR7_1_1-4\" data-key=\"4\">\n\t\t\t\t\t\t<\/sr7-slide>\n\t\t\t\t\t<\/sr7-content>\n\t\t\t\t\t<image_lists style=\"display:none\">\n\t\t\t\t\t\t<img data-src=\"\/\/grafidbl.com\/wp-content\/uploads\/2025\/06\/DSC_2096-v2-1.jpg\" data-libid=\"15600\" data-lib=\"medialibrary\" title=\"DSC_2096-v2\" width=\"0\" height=\"0\" data-dbsrc=\"Ly9ncmFmaWRibC5jb20vd3AtY29udGVudC91cGxvYWRzLzIwMjUvMDYvRFNDXzIwOTYtdjItMS5qcGc=\"\/>\n\t\t\t\t\t<\/image_lists>\n\t\t\t\t<\/sr7-module>\n\t\t\t\t<script>\n\t\t\t\t\tSR7.PMH ??={}; SR7.PMH[\"SR7_1_1\"] = {cn:100,state:false,fn: function() { if (_tpt!==undefined && _tpt.prepareModuleHeight !== undefined) {  _tpt.prepareModuleHeight({id:\"SR7_1_1\",el:[951,951,750,700,700],type:'standard',shdw:'0',gh:[951,951,750,700,700],gw:[1320,1320,1200,777,480],vpt:['-100px&#039;,&#039;-100px&#039;,&#039;-100px&#039;,&#039;-100px&#039;,&#039;-100px'],size:{fullWidth:true, fullHeight:false},mh:'0',onh:0,onw:0,bg:{color:'{\"orig\":\"transparent\",\"type\":\"solid\",\"string\":\"transparent\"}'}});   SR7.PMH[\"SR7_1_1\"].state=true;} else if(SR7.PMH[\"SR7_1_1\"].cn-->0)\tsetTimeout( SR7.PMH[\"SR7_1_1\"].fn,19);}};SR7.PMH[\"SR7_1_1\" ].fn();\n\t\t\t\t<\/script>\n<\/div>\n\n\t\t\t\t\t\t<\/div>\n\t\t\t\t<\/div>\n\t\t\t\t<div class=\"elementor-element elementor-element-b49fc7d elementor-widget__width-auto elementor-absolute elementor-hidden-tablet elementor-hidden-mobile elementor-invisible elementor-widget elementor-widget-pxl_icon\" data-id=\"b49fc7d\" data-element_type=\"widget\" data-settings=\"{&quot;_position&quot;:&quot;absolute&quot;,&quot;_animation&quot;:&quot;rotateIn&quot;,&quot;_animation_delay&quot;:3000}\" data-widget_type=\"pxl_icon.default\">\n\t\t\t\t<div class=\"elementor-widget-container\">\n\t\t\t\t\t    <div class=\"pxl-icon-list pxl-icon1  style-2\" data-wow-delay=\"ms\">\r\n                                    <a class=\"elementor-repeater-item-b2d6e59\" href=\"#down\">\r\n                                        <svg xmlns=\"http:\/\/www.w3.org\/2000\/svg\" id=\"Layer\" height=\"512\" viewbox=\"0 0 24 24\" width=\"512\"><path id=\"arrow-down-small\" d=\"m16.53 16.53-4 4a.751.751 0 0 1 -1.06 0l-4-4a.75.75 0 1 1 1.06-1.06l2.72 2.719v-14.189a.75.75 0 0 1 1.5 0v14.189l2.72-2.719a.75.75 0 0 1 1.06 1.06z\" fill=\"rgb(0,0,0)\"><\/path><\/svg>                                                        <\/a>\r\n                        <\/div>\r\n    \t\t\t\t<\/div>\n\t\t\t\t<\/div>\n\t\t            <\/div>\r\n        <\/div>\r\n        \t\t\t<\/div>\n\t\t<\/section>\n\t\t        <section class=\"elementor-section elementor-top-section elementor-element elementor-element-72712645 elementor-section-content-middle elementor-section-boxed elementor-section-height-default elementor-section-height-default pxl-row-scroll-none pxl-zoom-point-false pxl-section-overflow-visible\" data-id=\"72712645\" data-element_type=\"section\" data-settings=\"{&quot;background_background&quot;:&quot;classic&quot;}\">\n\n                \n                <div class=\"elementor-container elementor-column-gap-no\">\n                <div class=\"elementor-column elementor-col-50 elementor-top-column elementor-element elementor-element-1137f362 pxl-column-none pxl-column-overflow-hidden-no\" data-id=\"1137f362\" data-element_type=\"column\">\r\n        <div class=\"elementor-widget-wrap elementor-element-populated\">\r\n                     \r\n        \t\t<div class=\"elementor-element elementor-element-7c84f73c elementor-widget elementor-widget-heading\" data-id=\"7c84f73c\" data-element_type=\"widget\" data-widget_type=\"heading.default\">\n\t\t\t\t<div class=\"elementor-widget-container\">\n\t\t\t\t\t<h6 class=\"elementor-heading-title elementor-size-default\">Usluge<\/h6>\t\t\t\t<\/div>\n\t\t\t\t<\/div>\n\t\t\t\t<div class=\"elementor-element elementor-element-49cc11f5 elementor-widget elementor-widget-heading\" data-id=\"49cc11f5\" data-element_type=\"widget\" data-widget_type=\"heading.default\">\n\t\t\t\t<div class=\"elementor-widget-container\">\n\t\t\t\t\t<h5 class=\"elementor-heading-title elementor-size-default\">Od rukopisa do gotove knjige, pod jednim krovom<\/h5>\t\t\t\t<\/div>\n\t\t\t\t<\/div>\n\t\t\t\t<div class=\"elementor-element elementor-element-139d51e1 elementor-widget elementor-widget-text-editor\" data-id=\"139d51e1\" data-element_type=\"widget\" data-widget_type=\"text-editor.default\">\n\t\t\t\t<div class=\"elementor-widget-container\">\n\t\t\t\t\t\t\t\t\t<p>Mo\u017eemo preuzeti kompletnu realizaciju va\u0161e publikacije \u2013 od grafi\u010dkog oblikovanja do \u0161tampe i knjigoveza\u010dkih radova. Tako\u0111e, ako Vam je potreban samo jedan dio procesa, tu smo da preuzmemo upravo onaj segment koji vam nedostaje.<\/p>\t\t\t\t\t\t\t\t<\/div>\n\t\t\t\t<\/div>\n\t\t            <\/div>\r\n        <\/div>\r\n                <div class=\"elementor-column elementor-col-50 elementor-top-column elementor-element elementor-element-d8de81f pxl-column-none pxl-column-overflow-hidden-no\" data-id=\"d8de81f\" data-element_type=\"column\">\r\n        <div class=\"elementor-widget-wrap elementor-element-populated\">\r\n                     \r\n        \t\t<div class=\"elementor-element elementor-element-74756928 elementor-widget elementor-widget-toggle\" data-id=\"74756928\" data-element_type=\"widget\" data-widget_type=\"toggle.default\">\n\t\t\t\t<div class=\"elementor-widget-container\">\n\t\t\t\t\t\t\t<div class=\"elementor-toggle\">\n\t\t\t\t\t\t\t<div class=\"elementor-toggle-item\">\n\t\t\t\t\t<div id=\"elementor-tab-title-1951\" class=\"elementor-tab-title\" data-tab=\"1\" role=\"button\" aria-controls=\"elementor-tab-content-1951\" aria-expanded=\"false\">\n\t\t\t\t\t\t\t\t\t\t\t\t<span class=\"elementor-toggle-icon elementor-toggle-icon-right\" aria-hidden=\"true\">\n\t\t\t\t\t\t\t\t\t\t\t\t\t\t\t<span class=\"elementor-toggle-icon-closed\"><i class=\"fas fa-caret-right\"><\/i><\/span>\n\t\t\t\t\t\t\t\t<span class=\"elementor-toggle-icon-opened\"><i class=\"elementor-toggle-icon-opened fas fa-caret-up\"><\/i><\/span>\n\t\t\t\t\t\t\t\t\t\t\t\t\t<\/span>\n\t\t\t\t\t\t\t\t\t\t\t\t<a class=\"elementor-toggle-title\" tabindex=\"0\">Grafi\u010dko oblikovanje<\/a>\n\t\t\t\t\t<\/div>\n\n\t\t\t\t\t<div id=\"elementor-tab-content-1951\" class=\"elementor-tab-content elementor-clearfix\" data-tab=\"1\" role=\"region\" aria-labelledby=\"elementor-tab-title-1951\"><p>Oblikujemo izgled va\u0161e publikacije \u2013 od slaganja teksta, slika i stranica do dizajna korica, u skladu s namjenom i sadr\u017eajem izdanja.<\/p><\/div>\n\t\t\t\t<\/div>\n\t\t\t\t\t\t\t<div class=\"elementor-toggle-item\">\n\t\t\t\t\t<div id=\"elementor-tab-title-1952\" class=\"elementor-tab-title\" data-tab=\"2\" role=\"button\" aria-controls=\"elementor-tab-content-1952\" aria-expanded=\"false\">\n\t\t\t\t\t\t\t\t\t\t\t\t<span class=\"elementor-toggle-icon elementor-toggle-icon-right\" aria-hidden=\"true\">\n\t\t\t\t\t\t\t\t\t\t\t\t\t\t\t<span class=\"elementor-toggle-icon-closed\"><i class=\"fas fa-caret-right\"><\/i><\/span>\n\t\t\t\t\t\t\t\t<span class=\"elementor-toggle-icon-opened\"><i class=\"elementor-toggle-icon-opened fas fa-caret-up\"><\/i><\/span>\n\t\t\t\t\t\t\t\t\t\t\t\t\t<\/span>\n\t\t\t\t\t\t\t\t\t\t\t\t<a class=\"elementor-toggle-title\" tabindex=\"0\">Grafi\u010dka priprema <\/a>\n\t\t\t\t\t<\/div>\n\n\t\t\t\t\t<div id=\"elementor-tab-content-1952\" class=\"elementor-tab-content elementor-clearfix\" data-tab=\"2\" role=\"region\" aria-labelledby=\"elementor-tab-title-1952\"><p>Pripremamo fajlove za \u0161tampu u skladu s tehni\u010dkim zahtjevima \u2013 vode\u0107i ra\u010duna o reprodukciji boja, preciznosti formata, reznih linija, margina i ostalih \u0161tamparskih parametara.<\/p><\/div>\n\t\t\t\t<\/div>\n\t\t\t\t\t\t\t<div class=\"elementor-toggle-item\">\n\t\t\t\t\t<div id=\"elementor-tab-title-1953\" class=\"elementor-tab-title\" data-tab=\"3\" role=\"button\" aria-controls=\"elementor-tab-content-1953\" aria-expanded=\"false\">\n\t\t\t\t\t\t\t\t\t\t\t\t<span class=\"elementor-toggle-icon elementor-toggle-icon-right\" aria-hidden=\"true\">\n\t\t\t\t\t\t\t\t\t\t\t\t\t\t\t<span class=\"elementor-toggle-icon-closed\"><i class=\"fas fa-caret-right\"><\/i><\/span>\n\t\t\t\t\t\t\t\t<span class=\"elementor-toggle-icon-opened\"><i class=\"elementor-toggle-icon-opened fas fa-caret-up\"><\/i><\/span>\n\t\t\t\t\t\t\t\t\t\t\t\t\t<\/span>\n\t\t\t\t\t\t\t\t\t\t\t\t<a class=\"elementor-toggle-title\" tabindex=\"0\">\u0160tampa<\/a>\n\t\t\t\t\t<\/div>\n\n\t\t\t\t\t<div id=\"elementor-tab-content-1953\" class=\"elementor-tab-content elementor-clearfix\" data-tab=\"3\" role=\"region\" aria-labelledby=\"elementor-tab-title-1953\"><p>\u0160tampamo u digitalnoj i ofset tehnologiji, zavisno od tira\u017ea i zahtjeva projekta.<\/p><\/div>\n\t\t\t\t<\/div>\n\t\t\t\t\t\t\t<div class=\"elementor-toggle-item\">\n\t\t\t\t\t<div id=\"elementor-tab-title-1954\" class=\"elementor-tab-title\" data-tab=\"4\" role=\"button\" aria-controls=\"elementor-tab-content-1954\" aria-expanded=\"false\">\n\t\t\t\t\t\t\t\t\t\t\t\t<span class=\"elementor-toggle-icon elementor-toggle-icon-right\" aria-hidden=\"true\">\n\t\t\t\t\t\t\t\t\t\t\t\t\t\t\t<span class=\"elementor-toggle-icon-closed\"><i class=\"fas fa-caret-right\"><\/i><\/span>\n\t\t\t\t\t\t\t\t<span class=\"elementor-toggle-icon-opened\"><i class=\"elementor-toggle-icon-opened fas fa-caret-up\"><\/i><\/span>\n\t\t\t\t\t\t\t\t\t\t\t\t\t<\/span>\n\t\t\t\t\t\t\t\t\t\t\t\t<a class=\"elementor-toggle-title\" tabindex=\"0\">Zavr\u0161na grafi\u010dka obrada<\/a>\n\t\t\t\t\t<\/div>\n\n\t\t\t\t\t<div id=\"elementor-tab-content-1954\" class=\"elementor-tab-content elementor-clearfix\" data-tab=\"4\" role=\"region\" aria-labelledby=\"elementor-tab-title-1954\"><p>Bro\u0161irani povez s mekim koricama i \u0161ivani povez s tvrdim koricama, savijanje i sabiranje tabaka, za\u0161titu korica plastifikacijom i druge knjigoveza\u010dke postupke.<\/p><\/div>\n\t\t\t\t<\/div>\n\t\t\t\t\t\t\t\t<\/div>\n\t\t\t\t\t\t<\/div>\n\t\t\t\t<\/div>\n\t\t            <\/div>\r\n        <\/div>\r\n        \t\t\t<\/div>\n\t\t<\/section>\n\t\t        <section class=\"elementor-section elementor-top-section elementor-element elementor-element-4eba777f elementor-section-content-middle elementor-section-boxed elementor-section-height-default elementor-section-height-default pxl-row-scroll-none pxl-zoom-point-false pxl-section-overflow-visible\" data-id=\"4eba777f\" data-element_type=\"section\" data-settings=\"{&quot;background_background&quot;:&quot;classic&quot;}\">\n\n                \n                <div class=\"elementor-container elementor-column-gap-no\">\n                <div class=\"elementor-column elementor-col-100 elementor-top-column elementor-element elementor-element-12af7a55 pxl-column-none pxl-column-overflow-hidden-no\" data-id=\"12af7a55\" data-element_type=\"column\">\r\n        <div class=\"elementor-widget-wrap elementor-element-populated\">\r\n                     \r\n        \t\t<div class=\"elementor-element elementor-element-63f16339 elementor-skin-slideshow elementor-arrows-yes elementor-widget elementor-widget-media-carousel\" data-id=\"63f16339\" data-element_type=\"widget\" data-settings=\"{&quot;space_between&quot;:{&quot;unit&quot;:&quot;px&quot;,&quot;size&quot;:29,&quot;sizes&quot;:[]},&quot;skin&quot;:&quot;slideshow&quot;,&quot;effect&quot;:&quot;slide&quot;,&quot;show_arrows&quot;:&quot;yes&quot;,&quot;speed&quot;:500,&quot;autoplay&quot;:&quot;yes&quot;,&quot;autoplay_speed&quot;:5000,&quot;loop&quot;:&quot;yes&quot;,&quot;pause_on_hover&quot;:&quot;yes&quot;,&quot;pause_on_interaction&quot;:&quot;yes&quot;,&quot;space_between_laptop&quot;:{&quot;unit&quot;:&quot;px&quot;,&quot;size&quot;:10,&quot;sizes&quot;:[]},&quot;space_between_tablet_extra&quot;:{&quot;unit&quot;:&quot;px&quot;,&quot;size&quot;:10,&quot;sizes&quot;:[]},&quot;space_between_tablet&quot;:{&quot;unit&quot;:&quot;px&quot;,&quot;size&quot;:10,&quot;sizes&quot;:[]},&quot;space_between_mobile&quot;:{&quot;unit&quot;:&quot;px&quot;,&quot;size&quot;:10,&quot;sizes&quot;:[]}}\" data-widget_type=\"media-carousel.default\">\n\t\t\t\t<div class=\"elementor-widget-container\">\n\t\t\t\t\t\t\t\t\t<div class=\"elementor-swiper\">\r\n\t\t\t\t\t<div class=\"elementor-main-swiper swiper\" role=\"region\" aria-roledescription=\"carousel\" aria-label=\"Slides\">\r\n\t\t\t\t<div class=\"swiper-wrapper\">\r\n\t\t\t\t\t\t\t\t\t\t\t<div class=\"swiper-slide\" role=\"group\" aria-roledescription=\"slide\">\r\n\t\t\t\t\t\t\t\t\t<div class=\"elementor-carousel-image lazyload\" role=\"img\" aria-label=\"comming-1\" style=\"background-image:inherit\" data-bg-image=\"url(&#039;https:\/\/grafidbl.com\/wp-content\/uploads\/2025\/06\/comming-1.webp&#039;)\">\r\n\r\n\t\t\t\r\n\t\t\t\t\t<\/div>\r\n\t\t\t\t\t\t\t\t<\/div>\r\n\t\t\t\t\t\t\t\t\t\t\t<div class=\"swiper-slide\" role=\"group\" aria-roledescription=\"slide\">\r\n\t\t\t\t\t\t\t\t\t<div class=\"elementor-carousel-image lazyload\" role=\"img\" aria-label=\"DSC_2090\" style=\"background-image:inherit\" data-bg-image=\"url(&#039;https:\/\/grafidbl.com\/wp-content\/uploads\/2025\/07\/DSC_2090-scaled.jpeg&#039;)\">\r\n\r\n\t\t\t\r\n\t\t\t\t\t<\/div>\r\n\t\t\t\t\t\t\t\t<\/div>\r\n\t\t\t\t\t\t\t\t\t\t\t<div class=\"swiper-slide\" role=\"group\" aria-roledescription=\"slide\">\r\n\t\t\t\t\t\t\t\t\t<div class=\"elementor-carousel-image lazyload\" role=\"img\" aria-label=\"DSC_2091\" style=\"background-image:inherit\" data-bg-image=\"url(&#039;https:\/\/grafidbl.com\/wp-content\/uploads\/2025\/07\/DSC_2091-scaled.jpeg&#039;)\">\r\n\r\n\t\t\t\r\n\t\t\t\t\t<\/div>\r\n\t\t\t\t\t\t\t\t<\/div>\r\n\t\t\t\t\t\t\t\t\t\t\t<div class=\"swiper-slide\" role=\"group\" aria-roledescription=\"slide\">\r\n\t\t\t\t\t\t\t\t\t<div class=\"elementor-carousel-image lazyload\" role=\"img\" aria-label=\"_DSC0022\" style=\"background-image:inherit\" data-bg-image=\"url(&#039;https:\/\/grafidbl.com\/wp-content\/uploads\/2025\/07\/DSC0022-scaled.jpg&#039;)\">\r\n\r\n\t\t\t\r\n\t\t\t\t\t<\/div>\r\n\t\t\t\t\t\t\t\t<\/div>\r\n\t\t\t\t\t\t\t\t\t\t\t<div class=\"swiper-slide\" role=\"group\" aria-roledescription=\"slide\">\r\n\t\t\t\t\t\t\t\t\t<div class=\"elementor-carousel-image lazyload\" role=\"img\" aria-label=\"0602-2017-BW\" style=\"background-image:inherit\" data-bg-image=\"url(&#039;https:\/\/grafidbl.com\/wp-content\/uploads\/2025\/07\/0602-2017-BW.jpg&#039;)\">\r\n\r\n\t\t\t\r\n\t\t\t\t\t<\/div>\r\n\t\t\t\t\t\t\t\t<\/div>\r\n\t\t\t\t\t\t\t\t\t<\/div>\r\n\t\t\t\t\t\t\t\t\t\t\t\t\t\t\t<div class=\"elementor-swiper-button elementor-swiper-button-prev\" role=\"button\" tabindex=\"0\" aria-label=\"Previous\" data-no-translation-aria-label=\"\">\r\n\t\t\t\t\t\t\t<i aria-hidden=\"true\" class=\"eicon-chevron-left\"><\/i>\t\t\t\t\t\t<\/div>\r\n\t\t\t\t\t\t<div class=\"elementor-swiper-button elementor-swiper-button-next\" role=\"button\" tabindex=\"0\" aria-label=\"Next\" data-no-translation-aria-label=\"\">\r\n\t\t\t\t\t\t\t<i aria-hidden=\"true\" class=\"eicon-chevron-right\"><\/i>\t\t\t\t\t\t<\/div>\r\n\t\t\t\t\t\t\t\t\t\t\t\t\t\t\t\t\t<\/div>\r\n\t\t\t\t<\/div>\r\n\t\t\t\t\t\t\t\t<div class=\"elementor-swiper\">\r\n\t\t\t\t\t<div class=\"elementor-main-swiper swiper elementor-thumbnails-swiper swiper\" role=\"region region\" aria-roledescription=\"carousel carousel\" aria-label=\"Slides Slides\">\r\n\t\t\t\t<div class=\"swiper-wrapper\">\r\n\t\t\t\t\t\t\t\t\t\t\t<div class=\"swiper-slide\" role=\"group\" aria-roledescription=\"slide\">\r\n\t\t\t\t\t\t\t\t\t<div class=\"elementor-carousel-image lazyload\" role=\"img\" aria-label=\"comming-1\" style=\"background-image:inherit\" data-bg-image=\"url(&#039;https:\/\/grafidbl.com\/wp-content\/uploads\/2025\/06\/comming-1.webp&#039;)\">\r\n\r\n\t\t\t\r\n\t\t\t\t\t<\/div>\r\n\t\t\t\t\t\t\t\t<\/div>\r\n\t\t\t\t\t\t\t\t\t\t\t<div class=\"swiper-slide\" role=\"group\" aria-roledescription=\"slide\">\r\n\t\t\t\t\t\t\t\t\t<div class=\"elementor-carousel-image lazyload\" role=\"img\" aria-label=\"DSC_2090\" style=\"background-image:inherit\" data-bg-image=\"url(&#039;https:\/\/grafidbl.com\/wp-content\/uploads\/2025\/07\/DSC_2090-scaled.jpeg&#039;)\">\r\n\r\n\t\t\t\r\n\t\t\t\t\t<\/div>\r\n\t\t\t\t\t\t\t\t<\/div>\r\n\t\t\t\t\t\t\t\t\t\t\t<div class=\"swiper-slide\" role=\"group\" aria-roledescription=\"slide\">\r\n\t\t\t\t\t\t\t\t\t<div class=\"elementor-carousel-image lazyload\" role=\"img\" aria-label=\"DSC_2091\" style=\"background-image:inherit\" data-bg-image=\"url(&#039;https:\/\/grafidbl.com\/wp-content\/uploads\/2025\/07\/DSC_2091-scaled.jpeg&#039;)\">\r\n\r\n\t\t\t\r\n\t\t\t\t\t<\/div>\r\n\t\t\t\t\t\t\t\t<\/div>\r\n\t\t\t\t\t\t\t\t\t\t\t<div class=\"swiper-slide\" role=\"group\" aria-roledescription=\"slide\">\r\n\t\t\t\t\t\t\t\t\t<div class=\"elementor-carousel-image lazyload\" role=\"img\" aria-label=\"_DSC0022\" style=\"background-image:inherit\" data-bg-image=\"url(&#039;https:\/\/grafidbl.com\/wp-content\/uploads\/2025\/07\/DSC0022-scaled.jpg&#039;)\">\r\n\r\n\t\t\t\r\n\t\t\t\t\t<\/div>\r\n\t\t\t\t\t\t\t\t<\/div>\r\n\t\t\t\t\t\t\t\t\t\t\t<div class=\"swiper-slide\" role=\"group\" aria-roledescription=\"slide\">\r\n\t\t\t\t\t\t\t\t\t<div class=\"elementor-carousel-image lazyload\" role=\"img\" aria-label=\"0602-2017-BW\" style=\"background-image:inherit\" data-bg-image=\"url(&#039;https:\/\/grafidbl.com\/wp-content\/uploads\/2025\/07\/0602-2017-BW.jpg&#039;)\">\r\n\r\n\t\t\t\r\n\t\t\t\t\t<\/div>\r\n\t\t\t\t\t\t\t\t<\/div>\r\n\t\t\t\t\t\t\t\t\t<\/div>\r\n\t\t\t\t\t\t\t\t\t\t\t\t\t\t\t\t\t\t\t\t\t<\/div>\r\n\t\t\t\t<\/div>\r\n\t\t\t\t\t\t\t\t<\/div>\n\t\t\t\t<\/div>\n\t\t            <\/div>\r\n        <\/div>\r\n        \t\t\t<\/div>\n\t\t<\/section>\n\t\t        <section class=\"elementor-section elementor-top-section elementor-element elementor-element-23781e1 elementor-section-full_width elementor-section-content-middle elementor-section-height-default elementor-section-height-default pxl-row-scroll-none pxl-zoom-point-false pxl-section-overflow-visible pxl-full-content-with-space-none\" data-id=\"23781e1\" data-element_type=\"section\" data-settings=\"{&quot;background_background&quot;:&quot;classic&quot;}\">\n\n                \n                <div class=\"elementor-container elementor-column-gap-no\">\n                <div class=\"elementor-column elementor-col-33 elementor-top-column elementor-element elementor-element-7559a6bf pxl-column-none pxl-column-overflow-hidden-no\" data-id=\"7559a6bf\" data-element_type=\"column\">\r\n        <div class=\"elementor-widget-wrap elementor-element-populated\">\r\n                     \r\n        \t\t<div class=\"elementor-element elementor-element-2dd5007e elementor-widget elementor-widget-text-editor\" data-id=\"2dd5007e\" data-element_type=\"widget\" data-widget_type=\"text-editor.default\">\n\t\t\t\t<div class=\"elementor-widget-container\">\n\t\t\t\t\t\t\t\t\t<p>Prvi koraci<\/p>\t\t\t\t\t\t\t\t<\/div>\n\t\t\t\t<\/div>\n\t\t\t\t<div class=\"elementor-element elementor-element-20888d6d elementor-widget elementor-widget-heading\" data-id=\"20888d6d\" data-element_type=\"widget\" data-widget_type=\"heading.default\">\n\t\t\t\t<div class=\"elementor-widget-container\">\n\t\t\t\t\t<h3 class=\"elementor-heading-title elementor-size-default\"><span data-start=\"68\" data-end=\"92\" style=\"white-space: normal\">Kako do knjige?<\/span><\/h3>\t\t\t\t<\/div>\n\t\t\t\t<\/div>\n\t\t\t\t<div class=\"elementor-element elementor-element-e23e041 elementor-widget-divider--view-line elementor-widget elementor-widget-divider\" data-id=\"e23e041\" data-element_type=\"widget\" data-widget_type=\"divider.default\">\n\t\t\t\t<div class=\"elementor-widget-container\">\n\t\t\t\t\t\t\t<div class=\"elementor-divider\">\n\t\t\t<span class=\"elementor-divider-separator\">\n\t\t\t\t\t\t<\/span>\n\t\t<\/div>\n\t\t\t\t\t\t<\/div>\n\t\t\t\t<\/div>\n\t\t            <\/div>\r\n        <\/div>\r\n                <div class=\"elementor-column elementor-col-33 elementor-top-column elementor-element elementor-element-4e7f25de pxl-column-none pxl-column-overflow-hidden-no\" data-id=\"4e7f25de\" data-element_type=\"column\">\r\n        <div class=\"elementor-widget-wrap elementor-element-populated\">\r\n                     \r\n        \t\t<div class=\"elementor-element elementor-element-f60cd41 elementor-widget elementor-widget-text-editor\" data-id=\"f60cd41\" data-element_type=\"widget\" data-widget_type=\"text-editor.default\">\n\t\t\t\t<div class=\"elementor-widget-container\">\n\t\t\t\t\t\t\t\t\t<p data-start=\"94\" data-end=\"258\">Najbolje je da nas kontaktirate nakon \u0161to zavr\u0161ite rukopis i obavite lekturu. To je idealan trenutak da zajedno zapo\u010dnemo proces oblikovanja i \u0161tampe Va\u0161e knjige.<\/p><p data-start=\"260\" data-end=\"536\">Mo\u017eemo se sresti li\u010dno u na\u0161im prostorijama, gdje \u0107ete imati priliku da pogledate primjere materijala i gotovih knjiga, ili da odr\u017eimo online sastanak \u2013 \u0161to god Vam vi\u0161e odgovara. Kroz razgovor \u010desto do\u0111emo do rje\u0161enja koja bolje odgovaraju samoj publikaciji od po\u010detne ideje.<\/p><p data-start=\"538\" data-end=\"787\">Da bismo mogli precizno sagledati projekt, korisno je da znamo broj strana, format, tira\u017e, vrstu poveza i da li je \u0161tampa kolor ili crno-bijela. Ako to nemate, nije problem \u2013 poma\u017eemo i u toj fazi.<\/p><p data-start=\"789\" data-end=\"1097\">Imajte na umu da knjiga nije instant proizvod. Svaka faza, od oblikovanja do \u0161tampe i dorade, zahtijeva vrijeme. Da bi sve \u201eleglo na svoje mjesto\u201c.\u00a0<\/p><p data-start=\"789\" data-end=\"1097\">Okvirno potrebno je oko <strong data-start=\"955\" data-end=\"979\">dvadeset radnih dana<\/strong> za \u0161tampu i povez malih i srednjih tira\u017ea, dok oblikovanje mo\u017ee trajati od nekoliko dana do vi\u0161e sedmica, u zavisnosti od slo\u017eenosti izdanja.<\/p>\t\t\t\t\t\t\t\t<\/div>\n\t\t\t\t<\/div>\n\t\t            <\/div>\r\n        <\/div>\r\n                <div class=\"elementor-column elementor-col-33 elementor-top-column elementor-element elementor-element-62e86c5e pxl-column-none pxl-column-overflow-hidden-no\" data-id=\"62e86c5e\" data-element_type=\"column\">\r\n        <div class=\"elementor-widget-wrap elementor-element-populated\">\r\n                     \r\n        \t\t<div class=\"elementor-element elementor-element-7f5e70b0 elementor-widget elementor-widget-image\" data-id=\"7f5e70b0\" data-element_type=\"widget\" data-widget_type=\"image.default\">\n\t\t\t\t<div class=\"elementor-widget-container\">\n\t\t\t\t\t\t\t\t\t\t\t\t\t\t\t<img fetchpriority=\"high\" decoding=\"async\" width=\"1700\" height=\"2560\" src=\"https:\/\/grafidbl.com\/wp-content\/uploads\/2025\/07\/DSC_2119-scaled.jpeg\" class=\"attachment-full size-full wp-image-15637\" alt=\"\" srcset=\"https:\/\/grafidbl.com\/wp-content\/uploads\/2025\/07\/DSC_2119-scaled.jpeg 1700w, https:\/\/grafidbl.com\/wp-content\/uploads\/2025\/07\/DSC_2119-199x300.jpeg 199w, https:\/\/grafidbl.com\/wp-content\/uploads\/2025\/07\/DSC_2119-680x1024.jpeg 680w, https:\/\/grafidbl.com\/wp-content\/uploads\/2025\/07\/DSC_2119-768x1156.jpeg 768w, https:\/\/grafidbl.com\/wp-content\/uploads\/2025\/07\/DSC_2119-1020x1536.jpeg 1020w, https:\/\/grafidbl.com\/wp-content\/uploads\/2025\/07\/DSC_2119-1360x2048.jpeg 1360w, https:\/\/grafidbl.com\/wp-content\/uploads\/2025\/07\/DSC_2119-472x710.jpeg 472w\" sizes=\"(max-width: 1700px) 100vw, 1700px\" \/>\t\t\t\t\t\t\t\t\t\t\t\t\t\t\t<\/div>\n\t\t\t\t<\/div>\n\t\t            <\/div>\r\n        <\/div>\r\n        \t\t\t<\/div>\n\t\t<\/section>\n\t\t\t\t<\/div>","protected":false},"excerpt":{"rendered":"<p>Usluge Od rukopisa do gotove knjige, pod jednim krovom Mo\u017eemo preuzeti kompletnu realizaciju va\u0161e publikacije \u2013 od grafi\u010dkog oblikovanja do \u0161tampe i knjigoveza\u010dkih radova. Tako\u0111e, ako Vam je potreban samo jedan dio procesa, tu smo da preuzmemo upravo onaj segment koji vam nedostaje. Grafi\u010dko oblikovanje Oblikujemo izgled va\u0161e publikacije \u2013 od slaganja teksta, slika i [&hellip;]<\/p>","protected":false},"author":2,"featured_media":0,"parent":0,"menu_order":0,"comment_status":"closed","ping_status":"closed","template":"","meta":{"footnotes":""},"class_list":["post-6791","page","type-page","status-publish","hentry"],"_links":{"self":[{"href":"https:\/\/grafidbl.com\/bs\/wp-json\/wp\/v2\/pages\/6791","targetHints":{"allow":["GET"]}}],"collection":[{"href":"https:\/\/grafidbl.com\/bs\/wp-json\/wp\/v2\/pages"}],"about":[{"href":"https:\/\/grafidbl.com\/bs\/wp-json\/wp\/v2\/types\/page"}],"author":[{"embeddable":true,"href":"https:\/\/grafidbl.com\/bs\/wp-json\/wp\/v2\/users\/2"}],"replies":[{"embeddable":true,"href":"https:\/\/grafidbl.com\/bs\/wp-json\/wp\/v2\/comments?post=6791"}],"version-history":[{"count":173,"href":"https:\/\/grafidbl.com\/bs\/wp-json\/wp\/v2\/pages\/6791\/revisions"}],"predecessor-version":[{"id":15718,"href":"https:\/\/grafidbl.com\/bs\/wp-json\/wp\/v2\/pages\/6791\/revisions\/15718"}],"wp:attachment":[{"href":"https:\/\/grafidbl.com\/bs\/wp-json\/wp\/v2\/media?parent=6791"}],"curies":[{"name":"wp","href":"https:\/\/api.w.org\/{rel}","templated":true}]}}