{"id":163,"date":"2024-04-16T02:38:31","date_gmt":"2024-04-16T02:38:31","guid":{"rendered":"https:\/\/demo.bravisthemes.com\/herrington\/?page_id=163"},"modified":"2025-07-14T10:55:05","modified_gmt":"2025-07-14T10:55:05","slug":"o-nama","status":"publish","type":"page","link":"https:\/\/grafidbl.com\/bs\/o-nama\/","title":{"rendered":"O nama"},"content":{"rendered":"<div data-elementor-type=\"wp-page\" data-elementor-id=\"163\" class=\"elementor elementor-163\" data-elementor-post-type=\"page\">\n\t\t\t\t        <section class=\"elementor-section elementor-top-section elementor-element elementor-element-65e82a8 elementor-section-content-middle elementor-section-boxed elementor-section-height-default elementor-section-height-default pxl-row-scroll-none pxl-zoom-point-false pxl-section-overflow-visible\" data-id=\"65e82a8\" data-element_type=\"section\" data-settings=\"{&quot;background_background&quot;:&quot;classic&quot;}\">\n\n                \n                <div class=\"elementor-container elementor-column-gap-no\">\n                <div class=\"elementor-column elementor-col-100 elementor-top-column elementor-element elementor-element-11b87fa6 pxl-column-none pxl-column-overflow-hidden-no\" data-id=\"11b87fa6\" data-element_type=\"column\">\r\n        <div class=\"elementor-widget-wrap elementor-element-populated\">\r\n                     \r\n        \t\t<div class=\"elementor-element elementor-element-6358443 elementor-widget elementor-widget-image\" data-id=\"6358443\" data-element_type=\"widget\" data-widget_type=\"image.default\">\n\t\t\t\t<div class=\"elementor-widget-container\">\n\t\t\t\t\t\t\t\t\t\t\t\t\t\t\t<img fetchpriority=\"high\" decoding=\"async\" width=\"1920\" height=\"590\" src=\"https:\/\/grafidbl.com\/wp-content\/uploads\/2025\/05\/pr2.jpg\" class=\"attachment-full size-full wp-image-15127\" alt=\"\" srcset=\"https:\/\/grafidbl.com\/wp-content\/uploads\/2025\/05\/pr2.jpg 1920w, https:\/\/grafidbl.com\/wp-content\/uploads\/2025\/05\/pr2-300x92.jpg 300w, https:\/\/grafidbl.com\/wp-content\/uploads\/2025\/05\/pr2-1024x315.jpg 1024w, https:\/\/grafidbl.com\/wp-content\/uploads\/2025\/05\/pr2-768x236.jpg 768w, https:\/\/grafidbl.com\/wp-content\/uploads\/2025\/05\/pr2-1536x472.jpg 1536w, https:\/\/grafidbl.com\/wp-content\/uploads\/2025\/05\/pr2-1170x360.jpg 1170w\" sizes=\"(max-width: 1920px) 100vw, 1920px\" \/>\t\t\t\t\t\t\t\t\t\t\t\t\t\t\t<\/div>\n\t\t\t\t<\/div>\n\t\t\t\t<div class=\"elementor-element elementor-element-639c8bda elementor-widget elementor-widget-heading\" data-id=\"639c8bda\" data-element_type=\"widget\" data-widget_type=\"heading.default\">\n\t\t\t\t<div class=\"elementor-widget-container\">\n\t\t\t\t\t<h3 class=\"elementor-heading-title elementor-size-default\">Na\u0161a pri\u010da <\/h3>\t\t\t\t<\/div>\n\t\t\t\t<\/div>\n\t\t\t\t<div class=\"elementor-element elementor-element-4d4b15fd elementor-widget elementor-widget-text-editor\" data-id=\"4d4b15fd\" data-element_type=\"widget\" data-widget_type=\"text-editor.default\">\n\t\t\t\t<div class=\"elementor-widget-container\">\n\t\t\t\t\t\t\t\t\t<p>Povezujemo sadr\u017eaj, ali i ljude koji ga stvaraju.<\/p>\t\t\t\t\t\t\t\t<\/div>\n\t\t\t\t<\/div>\n\t\t        <section class=\"elementor-section elementor-inner-section elementor-element elementor-element-7579888b elementor-section-boxed elementor-section-height-default elementor-section-height-default pxl-row-scroll-none pxl-zoom-point-false pxl-section-overflow-visible\" data-id=\"7579888b\" data-element_type=\"section\">\n\n                \n                <div class=\"elementor-container elementor-column-gap-default\">\n                <div class=\"elementor-column elementor-col-50 elementor-inner-column elementor-element elementor-element-353fd1fc pxl-column-none pxl-column-overflow-hidden-no\" data-id=\"353fd1fc\" data-element_type=\"column\">\r\n        <div class=\"elementor-widget-wrap elementor-element-populated\">\r\n                     \r\n        \t\t<div class=\"elementor-element elementor-element-41b01c8d elementor-widget elementor-widget-text-editor\" data-id=\"41b01c8d\" data-element_type=\"widget\" data-widget_type=\"text-editor.default\">\n\t\t\t\t<div class=\"elementor-widget-container\">\n\t\t\t\t\t\t\t\t\t<p data-start=\"236\" data-end=\"521\">\u0160tamparija je osnovana 1987. godine kao privatni posao u vremenu kada su prvi oblici samostalnog preduzetni\u0161tva <strong data-start=\"285\" data-end=\"308\">na na\u0161im prostorima<\/strong> tek po\u010dinjali da se razvijaju. Uo\u010dena je konkretna tr\u017ei\u0161na potreba \u2013 sve ve\u0107i broj preduzetnika nije mogao da dobije \u0161tamparske usluge kroz tada\u0161nje velike poslovne sisteme.<\/p><p data-start=\"523\" data-end=\"669\">U po\u010detku smo radili za poslovne klijente: etikete, deklaracije, obrasci i promotivni materijali za proizvodne firme \u010dinili su osnovu na\u0161eg posla.<\/p><p data-start=\"671\" data-end=\"973\">Vremenom se tr\u017ei\u0161te promijenilo, a s njim i na\u0161 fokus. \u0160tampa publikacija u izdava\u0161tvu pojavljuje se prvo kao povremeni zadaci, a zatim postaje na\u0161 glavni pravac. Kroz godine rada, znanjem, iskustvom i opremom, specijalizovali smo se za knjige, bro\u0161ure, \u010dasopise i druge grafi\u010dki zahtjevne publikacije.<\/p><p data-start=\"1120\" data-end=\"1400\">\u00a0<\/p>\t\t\t\t\t\t\t\t<\/div>\n\t\t\t\t<\/div>\n\t\t            <\/div>\r\n        <\/div>\r\n                <div class=\"elementor-column elementor-col-50 elementor-inner-column elementor-element elementor-element-932720b pxl-column-none pxl-column-overflow-hidden-no\" data-id=\"932720b\" data-element_type=\"column\">\r\n        <div class=\"elementor-widget-wrap elementor-element-populated\">\r\n                     \r\n        \t\t<div class=\"elementor-element elementor-element-719f0318 elementor-widget elementor-widget-text-editor\" data-id=\"719f0318\" data-element_type=\"widget\" data-widget_type=\"text-editor.default\">\n\t\t\t\t<div class=\"elementor-widget-container\">\n\t\t\t\t\t\t\t\t\t<p data-start=\"975\" data-end=\"1118\">Danas u \u0161tampariji radi druga generacija, koja postepeno uvodi nove pristupe, tehnologije i standarde, po\u0161tuju\u0107i ono na \u010demu je posao izgra\u0111en.<\/p><p data-start=\"1120\" data-end=\"1400\">Najva\u017enije \u0161to mo\u017eemo re\u0107i o svom radu jeste da njegujemo dugoro\u010dnost \u2013 kako u saradnji s klijentima, tako i u samom zanatu. Dr\u017eimo se dogovora, po\u0161tujemo rokove, a svaki projekat posmatramo kao priliku da se poka\u017ee vje\u0161tina, preciznost i odgovornost koju izrada knjige zahtijeva.<\/p><p data-start=\"1120\" data-end=\"1400\">Vjerujemo u pouzdanu saradnju, razmjenu znanja i informacija. Uz sam posao \u0161tampe, \u010desto prepoznajemo i prilike da pove\u017eemo ljude, ideje i projekte. Tokom godina rada sa razli\u010ditim klijentima, prirodno smo postali mjesto gdje se ukr\u0161taju kreativnost, stvarala\u0161tvo i konkretne potrebe \u2013 i trudimo se da taj potencijal ne ostane neiskori\u0161ten.<\/p>\t\t\t\t\t\t\t\t<\/div>\n\t\t\t\t<\/div>\n\t\t            <\/div>\r\n        <\/div>\r\n        \t\t\t<\/div>\n\t\t<\/section>\n\t\t            <\/div>\r\n        <\/div>\r\n        \t\t\t<\/div>\n\t\t<\/section>\n\t\t\t\t<\/div>","protected":false},"excerpt":{"rendered":"<p>Na\u0161a pri\u010da Povezujemo sadr\u017eaj, ali i ljude koji ga stvaraju. \u0160tamparija je osnovana 1987. godine kao privatni posao u vremenu kada su prvi oblici samostalnog preduzetni\u0161tva na na\u0161im prostorima tek po\u010dinjali da se razvijaju. Uo\u010dena je konkretna tr\u017ei\u0161na potreba \u2013 sve ve\u0107i broj preduzetnika nije mogao da dobije \u0161tamparske usluge kroz tada\u0161nje velike poslovne sisteme. [&hellip;]<\/p>","protected":false},"author":2,"featured_media":0,"parent":0,"menu_order":0,"comment_status":"closed","ping_status":"closed","template":"","meta":{"footnotes":""},"class_list":["post-163","page","type-page","status-publish","hentry"],"_links":{"self":[{"href":"https:\/\/grafidbl.com\/bs\/wp-json\/wp\/v2\/pages\/163","targetHints":{"allow":["GET"]}}],"collection":[{"href":"https:\/\/grafidbl.com\/bs\/wp-json\/wp\/v2\/pages"}],"about":[{"href":"https:\/\/grafidbl.com\/bs\/wp-json\/wp\/v2\/types\/page"}],"author":[{"embeddable":true,"href":"https:\/\/grafidbl.com\/bs\/wp-json\/wp\/v2\/users\/2"}],"replies":[{"embeddable":true,"href":"https:\/\/grafidbl.com\/bs\/wp-json\/wp\/v2\/comments?post=163"}],"version-history":[{"count":151,"href":"https:\/\/grafidbl.com\/bs\/wp-json\/wp\/v2\/pages\/163\/revisions"}],"predecessor-version":[{"id":15697,"href":"https:\/\/grafidbl.com\/bs\/wp-json\/wp\/v2\/pages\/163\/revisions\/15697"}],"wp:attachment":[{"href":"https:\/\/grafidbl.com\/bs\/wp-json\/wp\/v2\/media?parent=163"}],"curies":[{"name":"wp","href":"https:\/\/api.w.org\/{rel}","templated":true}]}}